{"id":441,"date":"2020-11-15T18:35:28","date_gmt":"2020-11-15T18:35:28","guid":{"rendered":"http:\/\/mrpseries.com\/?page_id=441"},"modified":"2021-01-13T00:58:30","modified_gmt":"2021-01-13T00:58:30","slug":"episodes","status":"publish","type":"page","link":"https:\/\/mrpseries.com\/wordpress\/episodes\/","title":{"rendered":"Episodes"},"content":{"rendered":"\t\t<div data-elementor-type=\"wp-page\" data-elementor-id=\"441\" class=\"elementor elementor-441\">\n\t\t\t\t\t\t<div class=\"elementor-inner\">\n\t\t\t\t<div class=\"elementor-section-wrap\">\n\t\t\t\t\t\t\t\t\t<section class=\"elementor-section elementor-top-section elementor-element elementor-element-c9a82a1 elementor-section-boxed elementor-section-height-default elementor-section-height-default\" data-id=\"c9a82a1\" data-element_type=\"section\">\n\t\t\t\t\t\t<div class=\"elementor-container elementor-column-gap-default\">\n\t\t\t\t\t\t\t<div class=\"elementor-row\">\n\t\t\t\t\t<div class=\"elementor-column elementor-col-100 elementor-top-column elementor-element elementor-element-5f4f988\" data-id=\"5f4f988\" data-element_type=\"column\">\n\t\t\t<div class=\"elementor-column-wrap elementor-element-populated\">\n\t\t\t\t\t\t\t<div class=\"elementor-widget-wrap\">\n\t\t\t\t\t\t<div class=\"elementor-element elementor-element-a263274 elementor-widget elementor-widget-text-editor\" data-id=\"a263274\" data-element_type=\"widget\" data-widget_type=\"text-editor.default\">\n\t\t\t\t<div class=\"elementor-widget-container\">\n\t\t\t\t\t\t\t\t<div class=\"elementor-text-editor elementor-clearfix\">\n\t\t\t\t\t\t\t\t\t<\/div>\n\t\t\t\t\t\t<\/div>\n\t\t\t\t<\/div>\n\t\t\t\t<div class=\"elementor-element elementor-element-3f5ac82 elementor-button-info elementor-align-center elementor-widget elementor-widget-button\" data-id=\"3f5ac82\" data-element_type=\"widget\" data-widget_type=\"button.default\">\n\t\t\t\t<div class=\"elementor-widget-container\">\n\t\t\t\t\t<div class=\"elementor-button-wrapper\">\n\t\t\t<a href=\"https:\/\/mrpseries.com\/mrp-series-extended-synopsis\/\" class=\"elementor-button-link elementor-button elementor-size-sm\" role=\"button\">\n\t\t\t\t\t\t<span class=\"elementor-button-content-wrapper\">\n\t\t\t\t\t\t<span class=\"elementor-button-text\">Click here to read the Extended Synopsis of the series<\/span>\n\t\t<\/span>\n\t\t\t\t\t<\/a>\n\t\t<\/div>\n\t\t\t\t<\/div>\n\t\t\t\t<\/div>\n\t\t\t\t\t\t<\/div>\n\t\t\t\t\t<\/div>\n\t\t<\/div>\n\t\t\t\t\t\t\t\t<\/div>\n\t\t\t\t\t<\/div>\n\t\t<\/section>\n\t\t\t\t<section class=\"elementor-section elementor-top-section elementor-element elementor-element-f0e04cc elementor-section-boxed elementor-section-height-default elementor-section-height-default\" data-id=\"f0e04cc\" data-element_type=\"section\">\n\t\t\t\t\t\t<div class=\"elementor-container elementor-column-gap-default\">\n\t\t\t\t\t\t\t<div class=\"elementor-row\">\n\t\t\t\t\t<div class=\"elementor-column elementor-col-100 elementor-top-column elementor-element elementor-element-71c62e7\" data-id=\"71c62e7\" data-element_type=\"column\">\n\t\t\t<div class=\"elementor-column-wrap elementor-element-populated\">\n\t\t\t\t\t\t\t<div class=\"elementor-widget-wrap\">\n\t\t\t\t\t\t<div class=\"elementor-element elementor-element-6a55842 elementor-button-warning elementor-align-center elementor-widget elementor-widget-button\" data-id=\"6a55842\" data-element_type=\"widget\" data-widget_type=\"button.default\">\n\t\t\t\t<div class=\"elementor-widget-container\">\n\t\t\t\t\t<div class=\"elementor-button-wrapper\">\n\t\t\t<a href=\"https:\/\/mrpseries.com\/episode-1-the-modeling-religion-project\/\" class=\"elementor-button-link elementor-button elementor-size-sm\" role=\"button\">\n\t\t\t\t\t\t<span class=\"elementor-button-content-wrapper\">\n\t\t\t\t\t\t<span class=\"elementor-button-text\">Click images below to read an Extended Synopsis for each episode<\/span>\n\t\t<\/span>\n\t\t\t\t\t<\/a>\n\t\t<\/div>\n\t\t\t\t<\/div>\n\t\t\t\t<\/div>\n\t\t\t\t<div class=\"elementor-element elementor-element-be1620d elementor-widget-divider--view-line elementor-widget elementor-widget-divider\" data-id=\"be1620d\" data-element_type=\"widget\" data-widget_type=\"divider.default\">\n\t\t\t\t<div class=\"elementor-widget-container\">\n\t\t\t\t\t<div class=\"elementor-divider\">\n\t\t\t<span class=\"elementor-divider-separator\">\n\t\t\t\t\t\t<\/span>\n\t\t<\/div>\n\t\t\t\t<\/div>\n\t\t\t\t<\/div>\n\t\t\t\t<div class=\"elementor-element elementor-element-4254709 elementor-position-left elementor-vertical-align-top elementor-widget elementor-widget-image-box\" data-id=\"4254709\" data-element_type=\"widget\" data-widget_type=\"image-box.default\">\n\t\t\t\t<div class=\"elementor-widget-container\">\n\t\t\t<div class=\"elementor-image-box-wrapper\"><figure class=\"elementor-image-box-img\"><a href=\"https:\/\/mrpseries.com\/episode-1-the-modeling-religion-project\/\"><img width=\"2560\" height=\"1440\" src=\"https:\/\/mrpseries.com\/wordpress\/wp-content\/uploads\/2020\/11\/Episode-1_VMASC-ext.png\" class=\"attachment-full size-full\" alt=\"\" loading=\"lazy\" \/><\/a><\/figure><div class=\"elementor-image-box-content\"><h3 class=\"elementor-image-box-title\"><a href=\"https:\/\/mrpseries.com\/episode-1-the-modeling-religion-project\/\">Episode 1: The Modeling Religion Project<\/a><\/h3><p class=\"elementor-image-box-description\">The team kicks off the three-year Modeling Religion Project in Virginia. They explain their vision to a group of consultants, some of whom doubt whether the team\u2019s goal can be achieved. <\/p><\/div><\/div>\t\t<\/div>\n\t\t\t\t<\/div>\n\t\t\t\t<div class=\"elementor-element elementor-element-c1f155d elementor-widget-divider--view-line elementor-widget elementor-widget-divider\" data-id=\"c1f155d\" data-element_type=\"widget\" data-widget_type=\"divider.default\">\n\t\t\t\t<div class=\"elementor-widget-container\">\n\t\t\t\t\t<div class=\"elementor-divider\">\n\t\t\t<span class=\"elementor-divider-separator\">\n\t\t\t\t\t\t<\/span>\n\t\t<\/div>\n\t\t\t\t<\/div>\n\t\t\t\t<\/div>\n\t\t\t\t<div class=\"elementor-element elementor-element-420ec11 elementor-position-left elementor-vertical-align-top elementor-widget elementor-widget-image-box\" data-id=\"420ec11\" data-element_type=\"widget\" data-widget_type=\"image-box.default\">\n\t\t\t\t<div class=\"elementor-widget-container\">\n\t\t\t<div class=\"elementor-image-box-wrapper\"><figure class=\"elementor-image-box-img\"><a href=\"https:\/\/mrpseries.com\/episode-2-modeling-religion-in-virginia\/\"><img width=\"2560\" height=\"1440\" src=\"https:\/\/mrpseries.com\/wordpress\/wp-content\/uploads\/2020\/11\/Episode-2_beast-int-2.png\" class=\"attachment-full size-full\" alt=\"\" loading=\"lazy\" \/><\/a><\/figure><div class=\"elementor-image-box-content\"><h3 class=\"elementor-image-box-title\"><a href=\"https:\/\/mrpseries.com\/episode-2-modeling-religion-in-virginia\/\">Episode 2: Modeling Religion in Virginia<\/a><\/h3><p class=\"elementor-image-box-description\">The team meets to refine their methods and build a series of models.<\/p><\/div><\/div>\t\t<\/div>\n\t\t\t\t<\/div>\n\t\t\t\t<div class=\"elementor-element elementor-element-9c6134f elementor-widget-divider--view-line elementor-widget elementor-widget-divider\" data-id=\"9c6134f\" data-element_type=\"widget\" data-widget_type=\"divider.default\">\n\t\t\t\t<div class=\"elementor-widget-container\">\n\t\t\t\t\t<div class=\"elementor-divider\">\n\t\t\t<span class=\"elementor-divider-separator\">\n\t\t\t\t\t\t<\/span>\n\t\t<\/div>\n\t\t\t\t<\/div>\n\t\t\t\t<\/div>\n\t\t\t\t<div class=\"elementor-element elementor-element-9bd6a69 elementor-position-left elementor-vertical-align-top elementor-widget elementor-widget-image-box\" data-id=\"9bd6a69\" data-element_type=\"widget\" data-widget_type=\"image-box.default\">\n\t\t\t\t<div class=\"elementor-widget-container\">\n\t\t\t<div class=\"elementor-image-box-wrapper\"><figure class=\"elementor-image-box-img\"><a href=\"https:\/\/mrpseries.com\/episode-3-modeling-religion-in-norway\/\"><img width=\"2560\" height=\"1440\" src=\"https:\/\/mrpseries.com\/wordpress\/wp-content\/uploads\/2020\/11\/Episode-3_leron-campus-live.png\" class=\"attachment-full size-full\" alt=\"\" loading=\"lazy\" \/><\/a><\/figure><div class=\"elementor-image-box-content\"><h3 class=\"elementor-image-box-title\"><a href=\"https:\/\/mrpseries.com\/episode-3-modeling-religion-in-norway\/\">Episode 3: Modeling Religion in Norway<\/a><\/h3><p class=\"elementor-image-box-description\">Realizing that computer simulations of religion can be useful on political levels, the team expands its efforts at a university in Norway. They start to introduce their methods to the public. <\/p><\/div><\/div>\t\t<\/div>\n\t\t\t\t<\/div>\n\t\t\t\t<div class=\"elementor-element elementor-element-549a2ef elementor-widget-divider--view-line elementor-widget elementor-widget-divider\" data-id=\"549a2ef\" data-element_type=\"widget\" data-widget_type=\"divider.default\">\n\t\t\t\t<div class=\"elementor-widget-container\">\n\t\t\t\t\t<div class=\"elementor-divider\">\n\t\t\t<span class=\"elementor-divider-separator\">\n\t\t\t\t\t\t<\/span>\n\t\t<\/div>\n\t\t\t\t<\/div>\n\t\t\t\t<\/div>\n\t\t\t\t<div class=\"elementor-element elementor-element-64cbe3f elementor-position-left elementor-vertical-align-top elementor-widget elementor-widget-image-box\" data-id=\"64cbe3f\" data-element_type=\"widget\" data-widget_type=\"image-box.default\">\n\t\t\t\t<div class=\"elementor-widget-container\">\n\t\t\t<div class=\"elementor-image-box-wrapper\"><figure class=\"elementor-image-box-img\"><a href=\"https:\/\/mrpseries.com\/episode-4-modeling-religious-violence\/\"><img width=\"2560\" height=\"1440\" src=\"https:\/\/mrpseries.com\/wordpress\/wp-content\/uploads\/2020\/11\/Episode-4_rv-model-factors.png\" class=\"attachment-full size-full\" alt=\"\" loading=\"lazy\" \/><\/a><\/figure><div class=\"elementor-image-box-content\"><h3 class=\"elementor-image-box-title\"><a href=\"https:\/\/mrpseries.com\/episode-4-modeling-religious-violence\/\">Episode 4: Modeling Religious Violence<\/a><\/h3><p class=\"elementor-image-box-description\">Broaching the topic of religious violence, the team recruits a political scientist to explain how simulations push forward the understanding of social conflict and can ultimately inform policy decisions. The team presents their work publicly in Texas. <\/p><\/div><\/div>\t\t<\/div>\n\t\t\t\t<\/div>\n\t\t\t\t<div class=\"elementor-element elementor-element-e28a4e1 elementor-widget-divider--view-line elementor-widget elementor-widget-divider\" data-id=\"e28a4e1\" data-element_type=\"widget\" data-widget_type=\"divider.default\">\n\t\t\t\t<div class=\"elementor-widget-container\">\n\t\t\t\t\t<div class=\"elementor-divider\">\n\t\t\t<span class=\"elementor-divider-separator\">\n\t\t\t\t\t\t<\/span>\n\t\t<\/div>\n\t\t\t\t<\/div>\n\t\t\t\t<\/div>\n\t\t\t\t<div class=\"elementor-element elementor-element-99c1d51 elementor-position-left elementor-vertical-align-top elementor-widget elementor-widget-image-box\" data-id=\"99c1d51\" data-element_type=\"widget\" data-widget_type=\"image-box.default\">\n\t\t\t\t<div class=\"elementor-widget-container\">\n\t\t\t<div class=\"elementor-image-box-wrapper\"><figure class=\"elementor-image-box-img\"><a href=\"https:\/\/mrpseries.com\/episode-5-3d-archaeology\/\"><img width=\"2560\" height=\"1440\" src=\"https:\/\/mrpseries.com\/wordpress\/wp-content\/uploads\/2020\/11\/Episode-5_cave.png\" class=\"attachment-full size-full\" alt=\"\" loading=\"lazy\" \/><\/a><\/figure><div class=\"elementor-image-box-content\"><h3 class=\"elementor-image-box-title\"><a href=\"https:\/\/mrpseries.com\/episode-5-3d-archaeology\/\">Episode 5: 3D Archaeology<\/a><\/h3><p class=\"elementor-image-box-description\">A team of archaeologists based at \u00c7atalh\u00f6y\u00fck, a UNESCO dig site in Turkey, build a digital replica of the site in order to preserve and share it.<\/p><\/div><\/div>\t\t<\/div>\n\t\t\t\t<\/div>\n\t\t\t\t<div class=\"elementor-element elementor-element-ebe7f0c elementor-widget-divider--view-line elementor-widget elementor-widget-divider\" data-id=\"ebe7f0c\" data-element_type=\"widget\" data-widget_type=\"divider.default\">\n\t\t\t\t<div class=\"elementor-widget-container\">\n\t\t\t\t\t<div class=\"elementor-divider\">\n\t\t\t<span class=\"elementor-divider-separator\">\n\t\t\t\t\t\t<\/span>\n\t\t<\/div>\n\t\t\t\t<\/div>\n\t\t\t\t<\/div>\n\t\t\t\t<div class=\"elementor-element elementor-element-6a5387c elementor-position-left elementor-vertical-align-top elementor-widget elementor-widget-image-box\" data-id=\"6a5387c\" data-element_type=\"widget\" data-widget_type=\"image-box.default\">\n\t\t\t\t<div class=\"elementor-widget-container\">\n\t\t\t<div class=\"elementor-image-box-wrapper\"><figure class=\"elementor-image-box-img\"><a href=\"https:\/\/mrpseries.com\/episode-6-non-modelers-modeling\/\"><img width=\"2560\" height=\"1440\" src=\"https:\/\/mrpseries.com\/wordpress\/wp-content\/uploads\/2020\/11\/Episode-6_empathy-model-factors.png\" class=\"attachment-full size-full\" alt=\"\" loading=\"lazy\" \/><\/a><\/figure><div class=\"elementor-image-box-content\"><h3 class=\"elementor-image-box-title\"><a href=\"https:\/\/mrpseries.com\/episode-6-non-modelers-modeling\/\">Episode 6: Non-Modelers Modeling<\/a><\/h3><p class=\"elementor-image-box-description\">A historian, a psychologist, a philosopher, and a Biblical scholar work with the team to build computer simulations of their academic research and findings.<\/p><\/div><\/div>\t\t<\/div>\n\t\t\t\t<\/div>\n\t\t\t\t<div class=\"elementor-element elementor-element-23efb67 elementor-widget-divider--view-line elementor-widget elementor-widget-divider\" data-id=\"23efb67\" data-element_type=\"widget\" data-widget_type=\"divider.default\">\n\t\t\t\t<div class=\"elementor-widget-container\">\n\t\t\t\t\t<div class=\"elementor-divider\">\n\t\t\t<span class=\"elementor-divider-separator\">\n\t\t\t\t\t\t<\/span>\n\t\t<\/div>\n\t\t\t\t<\/div>\n\t\t\t\t<\/div>\n\t\t\t\t<div class=\"elementor-element elementor-element-7a35150 elementor-position-left elementor-vertical-align-top elementor-widget elementor-widget-image-box\" data-id=\"7a35150\" data-element_type=\"widget\" data-widget_type=\"image-box.default\">\n\t\t\t\t<div class=\"elementor-widget-container\">\n\t\t\t<div class=\"elementor-image-box-wrapper\"><figure class=\"elementor-image-box-img\"><a href=\"https:\/\/mrpseries.com\/episode-7-modeling-the-refugee-crisis\/\"><img width=\"2560\" height=\"1440\" src=\"https:\/\/mrpseries.com\/wordpress\/wp-content\/uploads\/2020\/11\/Episode-7_lesvos-harbor.png\" class=\"attachment-full size-full\" alt=\"\" loading=\"lazy\" \/><\/a><\/figure><div class=\"elementor-image-box-content\"><h3 class=\"elementor-image-box-title\"><a href=\"https:\/\/mrpseries.com\/episode-7-modeling-the-refugee-crisis\/\">Episode 7: Modeling the Refugee Crisis<\/a><\/h3><p class=\"elementor-image-box-description\">The team travels to Lesvos, Greece, an epicenter of the global refugee crisis, in order to build computer simulations of the immigration, arrivals, and integration process. <\/p><\/div><\/div>\t\t<\/div>\n\t\t\t\t<\/div>\n\t\t\t\t<div class=\"elementor-element elementor-element-1e80949 elementor-widget-divider--view-line elementor-widget elementor-widget-divider\" data-id=\"1e80949\" data-element_type=\"widget\" data-widget_type=\"divider.default\">\n\t\t\t\t<div class=\"elementor-widget-container\">\n\t\t\t\t\t<div class=\"elementor-divider\">\n\t\t\t<span class=\"elementor-divider-separator\">\n\t\t\t\t\t\t<\/span>\n\t\t<\/div>\n\t\t\t\t<\/div>\n\t\t\t\t<\/div>\n\t\t\t\t<div class=\"elementor-element elementor-element-4c59817 elementor-position-left elementor-vertical-align-top elementor-widget elementor-widget-image-box\" data-id=\"4c59817\" data-element_type=\"widget\" data-widget_type=\"image-box.default\">\n\t\t\t\t<div class=\"elementor-widget-container\">\n\t\t\t<div class=\"elementor-image-box-wrapper\"><figure class=\"elementor-image-box-img\"><a href=\"https:\/\/mrpseries.com\/episode-8-making-modeling-accessible\/\"><img width=\"2560\" height=\"1440\" src=\"https:\/\/mrpseries.com\/wordpress\/wp-content\/uploads\/2020\/11\/Episode-8_leron-vr-cu.png\" class=\"attachment-full size-full\" alt=\"\" loading=\"lazy\" \/><\/a><\/figure><div class=\"elementor-image-box-content\"><h3 class=\"elementor-image-box-title\"><a href=\"https:\/\/mrpseries.com\/episode-8-making-modeling-accessible\/\">Episode 8: Making Modeling Accessible<\/a><\/h3><p class=\"elementor-image-box-description\">The team tests the simulation platform built for non-modelers to use. They reflect on their three years of work and contemplate the future of modeling religion. <\/p><\/div><\/div>\t\t<\/div>\n\t\t\t\t<\/div>\n\t\t\t\t\t\t<\/div>\n\t\t\t\t\t<\/div>\n\t\t<\/div>\n\t\t\t\t\t\t\t\t<\/div>\n\t\t\t\t\t<\/div>\n\t\t<\/section>\n\t\t\t\t<section class=\"elementor-section elementor-top-section elementor-element elementor-element-721711a elementor-section-boxed elementor-section-height-default elementor-section-height-default\" data-id=\"721711a\" data-element_type=\"section\">\n\t\t\t\t\t\t<div class=\"elementor-container elementor-column-gap-default\">\n\t\t\t\t\t\t\t<div class=\"elementor-row\">\n\t\t\t\t\t<div class=\"elementor-column elementor-col-100 elementor-top-column elementor-element elementor-element-6dc571c\" data-id=\"6dc571c\" data-element_type=\"column\">\n\t\t\t<div class=\"elementor-column-wrap elementor-element-populated\">\n\t\t\t\t\t\t\t<div class=\"elementor-widget-wrap\">\n\t\t\t\t\t\t<div class=\"elementor-element elementor-element-8ca7bd2 elementor-view-default elementor-widget elementor-widget-icon\" data-id=\"8ca7bd2\" data-element_type=\"widget\" data-widget_type=\"icon.default\">\n\t\t\t\t<div class=\"elementor-widget-container\">\n\t\t\t\t\t<div class=\"elementor-icon-wrapper\">\n\t\t\t<a class=\"elementor-icon\" href=\"https:\/\/mrpseries.com\/\">\n\t\t\t<i aria-hidden=\"true\" class=\"fas fa-home\"><\/i>\t\t\t<\/a>\n\t\t<\/div>\n\t\t\t\t<\/div>\n\t\t\t\t<\/div>\n\t\t\t\t\t\t<\/div>\n\t\t\t\t\t<\/div>\n\t\t<\/div>\n\t\t\t\t\t\t\t\t<\/div>\n\t\t\t\t\t<\/div>\n\t\t<\/section>\n\t\t\t\t\t\t\t\t\t<\/div>\n\t\t\t<\/div>\n\t\t\t\t\t<\/div>\n\t\t","protected":false},"excerpt":{"rendered":"<p>Click here to read the Extended Synopsis of the series Click images below to read [&hellip;]<\/p>\n","protected":false},"author":3,"featured_media":0,"parent":0,"menu_order":0,"comment_status":"closed","ping_status":"closed","template":"","meta":[],"_links":{"self":[{"href":"https:\/\/mrpseries.com\/wordpress\/wp-json\/wp\/v2\/pages\/441"}],"collection":[{"href":"https:\/\/mrpseries.com\/wordpress\/wp-json\/wp\/v2\/pages"}],"about":[{"href":"https:\/\/mrpseries.com\/wordpress\/wp-json\/wp\/v2\/types\/page"}],"author":[{"embeddable":true,"href":"https:\/\/mrpseries.com\/wordpress\/wp-json\/wp\/v2\/users\/3"}],"replies":[{"embeddable":true,"href":"https:\/\/mrpseries.com\/wordpress\/wp-json\/wp\/v2\/comments?post=441"}],"version-history":[{"count":91,"href":"https:\/\/mrpseries.com\/wordpress\/wp-json\/wp\/v2\/pages\/441\/revisions"}],"predecessor-version":[{"id":1173,"href":"https:\/\/mrpseries.com\/wordpress\/wp-json\/wp\/v2\/pages\/441\/revisions\/1173"}],"wp:attachment":[{"href":"https:\/\/mrpseries.com\/wordpress\/wp-json\/wp\/v2\/media?parent=441"}],"curies":[{"name":"wp","href":"https:\/\/api.w.org\/{rel}","templated":true}]}}